{"id":112,"date":"2017-01-27T10:54:40","date_gmt":"2017-01-27T16:54:40","guid":{"rendered":"http:\/\/ecovalores.org\/blog\/?page_id=112"},"modified":"2018-08-16T11:33:25","modified_gmt":"2018-08-16T17:33:25","slug":"empresas","status":"publish","type":"page","link":"https:\/\/ecovalores.org\/blog\/es\/empresas\/","title":{"rendered":"Empresas"},"content":{"rendered":"\n<div class=\"twitter-share\"><a href=\"https:\/\/twitter.com\/intent\/tweet?via=luisamontes\" class=\"twitter-share-button\" data-size=\"large\">Twittear<\/a><\/div>\n<p style=\"text-align: center;\">Trabajamos con empresas en su camino de RSC para crear valor sustentable y llegar a soluciones regenerativas y con instituciones financieras en el desarrollo de su estrategia de inversi\u00f3n responsable y la la integraci\u00f3n de criterios ESG en su estrategia de inversi\u00f3n.<\/p>\n<p>Servicios para Empresas:<\/p>\n<ul>\n<li>Evaluaci\u00f3n de su estrategia de RSC asesor\u00eda para llegar a ser una empresa regenerativa\u00a0 y apoyo para integrar factores ESG en la estrategia de operaci\u00f3n de la empresa. Trabajamos con empresas de todos los tama\u00f1os<\/li>\n<li>Huella socioecon\u00f3mica ambiental y territorial<\/li>\n<li>Mide el impacto de tus actividades en el ecosistema<\/li>\n<\/ul>\n<p><strong>Le ayudamos a medir los efectos ambientales y los impactos en las comunidades\u00a0 donde opera<\/strong>.<\/p>\n<p>Cada vez mas se espera que las empresas tengan contribuciones positivas y que lleguen a ser hasta regenrativas y que reporten objetivamente sobre sus contribuciones a la sociedad, al medio ambiente y al ecosistema de mercado donde operan. La evaluaci\u00f3n independiente de esta contribuci\u00f3n realizada por una tercera parte externa e independiente ofrece credibilidad a las comunicaciones de la empresa hacia sus grupos de inter\u00e9s o stakeholders.<\/p>\n<ul>\n<li><a href=\"http:\/\/ecovalores.org\/blog\/es\/integracion-esg-asg\/\">Integraci\u00f3n ESG<\/a><\/li>\n<li><a href=\"http:\/\/ecovalores.org\/blog\/bonos-verdes\/\">Bonos verdes<\/a><\/li>\n<\/ul>\n\n<div class=\"twitter-share\"><a href=\"https:\/\/twitter.com\/intent\/tweet?via=luisamontes\" class=\"twitter-share-button\" data-size=\"large\">Twittear<\/a><\/div>\n","protected":false},"excerpt":{"rendered":"<p>Trabajamos con empresas en su camino de RSC para crear valor sustentable y llegar a soluciones regenerativas y con instituciones[&#8230;]<\/p>\n","protected":false},"author":1,"featured_media":143,"parent":0,"menu_order":0,"comment_status":"closed","ping_status":"closed","template":"","meta":{"footnotes":""},"class_list":["post-112","page","type-page","status-publish","has-post-thumbnail","hentry"],"_links":{"self":[{"href":"https:\/\/ecovalores.org\/blog\/wp-json\/wp\/v2\/pages\/112","targetHints":{"allow":["GET"]}}],"collection":[{"href":"https:\/\/ecovalores.org\/blog\/wp-json\/wp\/v2\/pages"}],"about":[{"href":"https:\/\/ecovalores.org\/blog\/wp-json\/wp\/v2\/types\/page"}],"author":[{"embeddable":true,"href":"https:\/\/ecovalores.org\/blog\/wp-json\/wp\/v2\/users\/1"}],"replies":[{"embeddable":true,"href":"https:\/\/ecovalores.org\/blog\/wp-json\/wp\/v2\/comments?post=112"}],"version-history":[{"count":7,"href":"https:\/\/ecovalores.org\/blog\/wp-json\/wp\/v2\/pages\/112\/revisions"}],"predecessor-version":[{"id":333,"href":"https:\/\/ecovalores.org\/blog\/wp-json\/wp\/v2\/pages\/112\/revisions\/333"}],"wp:featuredmedia":[{"embeddable":true,"href":"https:\/\/ecovalores.org\/blog\/wp-json\/wp\/v2\/media\/143"}],"wp:attachment":[{"href":"https:\/\/ecovalores.org\/blog\/wp-json\/wp\/v2\/media?parent=112"}],"curies":[{"name":"wp","href":"https:\/\/api.w.org\/{rel}","templated":true}]}}